{"id":755,"date":"2023-10-17T10:54:15","date_gmt":"2023-10-17T10:54:15","guid":{"rendered":"https:\/\/equitarhorses.com\/?page_id=755"},"modified":"2024-02-01T10:55:19","modified_gmt":"2024-02-01T10:55:19","slug":"consultoria","status":"publish","type":"page","link":"https:\/\/equitarhorses.com\/en\/servicos\/consultoria\/","title":{"rendered":"Consulting"},"content":{"rendered":"<div data-elementor-type=\"wp-page\" data-elementor-id=\"755\" class=\"elementor elementor-755\">\n\t\t\t\t\t\t<section class=\"elementor-section elementor-top-section elementor-element elementor-element-6e47cfb7 elementor-section-full_width elementor-section-height-default elementor-section-height-default\" data-id=\"6e47cfb7\" data-element_type=\"section\" data-settings=\"{&quot;ekit_has_onepagescroll_dot&quot;:&quot;yes&quot;}\">\n\t\t\t\t\t\t<div class=\"elementor-container elementor-column-gap-default\">\n\t\t\t\t\t<div class=\"elementor-column elementor-col-100 elementor-top-column elementor-element elementor-element-7bc58e5a\" data-id=\"7bc58e5a\" data-element_type=\"column\" data-settings=\"{&quot;background_background&quot;:&quot;classic&quot;}\">\n\t\t\t<div class=\"elementor-widget-wrap elementor-element-populated\">\n\t\t\t\t\t<div class=\"elementor-background-overlay\"><\/div>\n\t\t\t\t\t\t\t<\/div>\n\t\t<\/div>\n\t\t\t\t\t<\/div>\n\t\t<\/section>\n\t\t\t\t<section class=\"elementor-section elementor-top-section elementor-element elementor-element-5b35522d elementor-reverse-mobile elementor-section-boxed elementor-section-height-default elementor-section-height-default\" data-id=\"5b35522d\" data-element_type=\"section\" data-settings=\"{&quot;ekit_has_onepagescroll_dot&quot;:&quot;yes&quot;}\">\n\t\t\t\t\t\t<div class=\"elementor-container elementor-column-gap-default\">\n\t\t\t\t\t<div class=\"elementor-column elementor-col-50 elementor-top-column elementor-element elementor-element-6fb1c345\" data-id=\"6fb1c345\" data-element_type=\"column\">\n\t\t\t<div class=\"elementor-widget-wrap elementor-element-populated\">\n\t\t\t\t\t\t<div class=\"elementor-element elementor-element-50523579 animated-fast elementor-invisible elementor-widget elementor-widget-image\" data-id=\"50523579\" data-element_type=\"widget\" data-settings=\"{&quot;_animation&quot;:&quot;fadeInLeft&quot;,&quot;ekit_we_effect_on&quot;:&quot;none&quot;}\" data-widget_type=\"image.default\">\n\t\t\t\t<div class=\"elementor-widget-container\">\n\t\t\t<style>\/*! elementor - v3.20.0 - 11-03-2024 *\/\n.elementor-widget-image{text-align:center}.elementor-widget-image a{display:inline-block}.elementor-widget-image a img[src$=\".svg\"]{width:48px}.elementor-widget-image img{vertical-align:middle;display:inline-block}<\/style>\t\t\t\t\t\t\t\t\t\t<img fetchpriority=\"high\" decoding=\"async\" width=\"800\" height=\"526\" src=\"https:\/\/equitarhorses.com\/wp-content\/uploads\/2024\/01\/consultoria-equitarhorses.png\" class=\"attachment-full size-full wp-image-1039\" alt=\"\" srcset=\"https:\/\/equitarhorses.com\/wp-content\/uploads\/2024\/01\/consultoria-equitarhorses.png 800w, https:\/\/equitarhorses.com\/wp-content\/uploads\/2024\/01\/consultoria-equitarhorses-300x197.png 300w, https:\/\/equitarhorses.com\/wp-content\/uploads\/2024\/01\/consultoria-equitarhorses-768x505.png 768w, https:\/\/equitarhorses.com\/wp-content\/uploads\/2024\/01\/consultoria-equitarhorses-18x12.png 18w\" sizes=\"(max-width: 800px) 100vw, 800px\" \/>\t\t\t\t\t\t\t\t\t\t\t\t\t<\/div>\n\t\t\t\t<\/div>\n\t\t\t\t\t<\/div>\n\t\t<\/div>\n\t\t\t\t<div class=\"elementor-column elementor-col-50 elementor-top-column elementor-element elementor-element-1897e091\" data-id=\"1897e091\" data-element_type=\"column\">\n\t\t\t<div class=\"elementor-widget-wrap elementor-element-populated\">\n\t\t\t\t\t\t<section class=\"elementor-section elementor-inner-section elementor-element elementor-element-50d33f32 elementor-section-boxed elementor-section-height-default elementor-section-height-default elementor-invisible\" data-id=\"50d33f32\" data-element_type=\"section\" data-settings=\"{&quot;animation&quot;:&quot;bounceInUp&quot;,&quot;ekit_has_onepagescroll_dot&quot;:&quot;yes&quot;}\">\n\t\t\t\t\t\t<div class=\"elementor-container elementor-column-gap-default\">\n\t\t\t\t\t<div class=\"elementor-column elementor-col-100 elementor-inner-column elementor-element elementor-element-d80c742\" data-id=\"d80c742\" data-element_type=\"column\" data-settings=\"{&quot;background_background&quot;:&quot;classic&quot;}\">\n\t\t\t<div class=\"elementor-widget-wrap elementor-element-populated\">\n\t\t\t\t\t\t<div class=\"elementor-element elementor-element-196edb1c elementor-widget elementor-widget-heading\" data-id=\"196edb1c\" data-element_type=\"widget\" data-settings=\"{&quot;ekit_we_effect_on&quot;:&quot;none&quot;}\" data-widget_type=\"heading.default\">\n\t\t\t\t<div class=\"elementor-widget-container\">\n\t\t\t<style>\/*! elementor - v3.20.0 - 11-03-2024 *\/\n.elementor-heading-title{padding:0;margin:0;line-height:1}.elementor-widget-heading .elementor-heading-title[class*=elementor-size-]>a{color:inherit;font-size:inherit;line-height:inherit}.elementor-widget-heading .elementor-heading-title.elementor-size-small{font-size:15px}.elementor-widget-heading .elementor-heading-title.elementor-size-medium{font-size:19px}.elementor-widget-heading .elementor-heading-title.elementor-size-large{font-size:29px}.elementor-widget-heading .elementor-heading-title.elementor-size-xl{font-size:39px}.elementor-widget-heading .elementor-heading-title.elementor-size-xxl{font-size:59px}<\/style><h2 class=\"elementor-heading-title elementor-size-default\">consulting<\/h2>\t\t<\/div>\n\t\t\t\t<\/div>\n\t\t\t\t<div class=\"elementor-element elementor-element-6308fa18 elementor-widget elementor-widget-text-editor\" data-id=\"6308fa18\" data-element_type=\"widget\" data-settings=\"{&quot;ekit_we_effect_on&quot;:&quot;none&quot;}\" data-widget_type=\"text-editor.default\">\n\t\t\t\t<div class=\"elementor-widget-container\">\n\t\t\t<style>\/*! elementor - v3.20.0 - 11-03-2024 *\/\n.elementor-widget-text-editor.elementor-drop-cap-view-stacked .elementor-drop-cap{background-color:#69727d;color:#fff}.elementor-widget-text-editor.elementor-drop-cap-view-framed .elementor-drop-cap{color:#69727d;border:3px solid;background-color:transparent}.elementor-widget-text-editor:not(.elementor-drop-cap-view-default) .elementor-drop-cap{margin-top:8px}.elementor-widget-text-editor:not(.elementor-drop-cap-view-default) .elementor-drop-cap-letter{width:1em;height:1em}.elementor-widget-text-editor .elementor-drop-cap{float:left;text-align:center;line-height:1;font-size:50px}.elementor-widget-text-editor .elementor-drop-cap-letter{display:inline-block}<\/style>\t\t\t\t<p>We offer personalized guidance, from the selection of suitable horses to advanced training in various disciplines. Whether you are a beginner or an experienced rider, we work with you to achieve your goals and overcome challenges.<\/p>\t\t\t\t\t\t<\/div>\n\t\t\t\t<\/div>\n\t\t\t\t\t<\/div>\n\t\t<\/div>\n\t\t\t\t\t<\/div>\n\t\t<\/section>\n\t\t\t\t\t<\/div>\n\t\t<\/div>\n\t\t\t\t\t<\/div>\n\t\t<\/section>\n\t\t\t\t<section class=\"elementor-section elementor-top-section elementor-element elementor-element-c6cb4a9 elementor-section-boxed elementor-section-height-default elementor-section-height-default\" data-id=\"c6cb4a9\" data-element_type=\"section\" data-settings=\"{&quot;background_background&quot;:&quot;classic&quot;,&quot;ekit_has_onepagescroll_dot&quot;:&quot;yes&quot;}\">\n\t\t\t\t\t\t\t<div class=\"elementor-background-overlay\"><\/div>\n\t\t\t\t\t\t\t<div class=\"elementor-container elementor-column-gap-default\">\n\t\t\t\t\t<div class=\"elementor-column elementor-col-100 elementor-top-column elementor-element elementor-element-8a0bc8a\" data-id=\"8a0bc8a\" data-element_type=\"column\">\n\t\t\t<div class=\"elementor-widget-wrap elementor-element-populated\">\n\t\t\t\t\t\t<div class=\"elementor-element elementor-element-bba4123 elementor-widget elementor-widget-text-editor\" data-id=\"bba4123\" data-element_type=\"widget\" data-settings=\"{&quot;ekit_we_effect_on&quot;:&quot;none&quot;}\" data-widget_type=\"text-editor.default\">\n\t\t\t\t<div class=\"elementor-widget-container\">\n\t\t\t\t\t\t\t<p style=\"text-align: left;\"><strong>Lusitano Horse Trade:<\/strong> Discover the functionality of Lusitano horses with us. Specializing in the trade of these magnificent equines, we provide access to a carefully chosen selection of top quality horses. From promising foals to high-school trained horses, we guarantee transparency and support throughout the buying process.<\/p><p style=\"text-align: left;\"><strong>Complete Services:<\/strong> In addition to consulting and trading, we offer a full range of services to ensure your success in riding and managing your horses. From customized training programs to facility consulting and equine management, we are committed to supporting every aspect of your passion for horses.<\/p><p style=\"text-align: left;\"><strong>Tradition and Commitment:<\/strong> We are driven by tradition and a commitment to excellence. Count on us to elevate your equestrian experience and enjoy the unique allure of Lusitano horses. Contact us for a personalized consultation and find out how we can make a difference to your equestrian journey.<\/p>\t\t\t\t\t\t<\/div>\n\t\t\t\t<\/div>\n\t\t\t\t\t<\/div>\n\t\t<\/div>\n\t\t\t\t\t<\/div>\n\t\t<\/section>\n\t\t\t\t<\/div>","protected":false},"excerpt":{"rendered":"<p>cosultoria Oferecemos orienta\u00e7\u00e3o personalizada, desde a sele\u00e7\u00e3o de cavalos adequados ao treino avan\u00e7ado em diversas disciplinas. Seja voc\u00ea um iniciante ou um cavaleiro experiente, trabalhamos consigo para atingir os seus objetivos e superar desafios. Com\u00e9rcio de Cavalos Lusitanos: Descubra a funcionalidade dos cavalos Lusitanos connosco. Especializados no com\u00e9rcio destes magn\u00edficos equinos, proporcionamos acesso a uma [&hellip;]<\/p>","protected":false},"author":1,"featured_media":0,"parent":160,"menu_order":0,"comment_status":"closed","ping_status":"closed","template":"elementor_header_footer","meta":{"footnotes":""},"class_list":["post-755","page","type-page","status-publish","hentry"],"yoast_head":"<!-- This site is optimized with the Yoast SEO Premium plugin v20.1 (Yoast SEO v22.2) - https:\/\/yoast.com\/wordpress\/plugins\/seo\/ -->\n<title>Consultoria - Equitar Horses<\/title>\n<meta name=\"robots\" content=\"index, follow, max-snippet:-1, max-image-preview:large, max-video-preview:-1\" \/>\n<link rel=\"canonical\" href=\"https:\/\/equitarhorses.com\/en\/servicos\/consultoria\/\" \/>\n<meta property=\"og:locale\" content=\"en_US\" \/>\n<meta property=\"og:type\" content=\"article\" \/>\n<meta property=\"og:title\" content=\"Consultoria\" \/>\n<meta property=\"og:description\" content=\"cosultoria Oferecemos orienta\u00e7\u00e3o personalizada, desde a sele\u00e7\u00e3o de cavalos adequados ao treino avan\u00e7ado em diversas disciplinas. Seja voc\u00ea um iniciante ou um cavaleiro experiente, trabalhamos consigo para atingir os seus objetivos e superar desafios. Com\u00e9rcio de Cavalos Lusitanos: Descubra a funcionalidade dos cavalos Lusitanos connosco. Especializados no com\u00e9rcio destes magn\u00edficos equinos, proporcionamos acesso a uma [&hellip;]\" \/>\n<meta property=\"og:url\" content=\"https:\/\/equitarhorses.com\/en\/servicos\/consultoria\/\" \/>\n<meta property=\"og:site_name\" content=\"Equitar Horses\" \/>\n<meta property=\"article:publisher\" content=\"https:\/\/www.facebook.com\/equitarhorses\" \/>\n<meta property=\"article:modified_time\" content=\"2024-02-01T10:55:19+00:00\" \/>\n<meta property=\"og:image\" content=\"https:\/\/equitarhorses.com\/wp-content\/uploads\/2024\/01\/consultoria-equitarhorses.png\" \/>\n<meta name=\"twitter:card\" content=\"summary_large_image\" \/>\n<meta name=\"twitter:label1\" content=\"Est. reading time\" \/>\n\t<meta name=\"twitter:data1\" content=\"2 minutes\" \/>\n<script type=\"application\/ld+json\" class=\"yoast-schema-graph\">{\"@context\":\"https:\/\/schema.org\",\"@graph\":[{\"@type\":\"WebPage\",\"@id\":\"https:\/\/equitarhorses.com\/servicos\/consultoria\/\",\"url\":\"https:\/\/equitarhorses.com\/servicos\/consultoria\/\",\"name\":\"Consultoria - Equitar Horses\",\"isPartOf\":{\"@id\":\"https:\/\/equitarhorses.com\/#website\"},\"primaryImageOfPage\":{\"@id\":\"https:\/\/equitarhorses.com\/servicos\/consultoria\/#primaryimage\"},\"image\":{\"@id\":\"https:\/\/equitarhorses.com\/servicos\/consultoria\/#primaryimage\"},\"thumbnailUrl\":\"https:\/\/equitarhorses.com\/wp-content\/uploads\/2024\/01\/consultoria-equitarhorses.png\",\"datePublished\":\"2023-10-17T10:54:15+00:00\",\"dateModified\":\"2024-02-01T10:55:19+00:00\",\"breadcrumb\":{\"@id\":\"https:\/\/equitarhorses.com\/servicos\/consultoria\/#breadcrumb\"},\"inLanguage\":\"en-US\",\"potentialAction\":[{\"@type\":\"ReadAction\",\"target\":[\"https:\/\/equitarhorses.com\/servicos\/consultoria\/\"]}]},{\"@type\":\"ImageObject\",\"inLanguage\":\"en-US\",\"@id\":\"https:\/\/equitarhorses.com\/servicos\/consultoria\/#primaryimage\",\"url\":\"https:\/\/equitarhorses.com\/wp-content\/uploads\/2024\/01\/consultoria-equitarhorses.png\",\"contentUrl\":\"https:\/\/equitarhorses.com\/wp-content\/uploads\/2024\/01\/consultoria-equitarhorses.png\",\"width\":800,\"height\":526},{\"@type\":\"BreadcrumbList\",\"@id\":\"https:\/\/equitarhorses.com\/servicos\/consultoria\/#breadcrumb\",\"itemListElement\":[{\"@type\":\"ListItem\",\"position\":1,\"name\":\"Home\",\"item\":\"https:\/\/equitarhorses.com\/\"},{\"@type\":\"ListItem\",\"position\":2,\"name\":\"Servi\u00e7os\",\"item\":\"https:\/\/equitarhorses.com\/servicos\/\"},{\"@type\":\"ListItem\",\"position\":3,\"name\":\"Consultoria\"}]},{\"@type\":\"WebSite\",\"@id\":\"https:\/\/equitarhorses.com\/#website\",\"url\":\"https:\/\/equitarhorses.com\/\",\"name\":\"Equitar Horses\",\"description\":\"A Eleg\u00e2ncia Do Cavalo Lusitano\",\"publisher\":{\"@id\":\"https:\/\/equitarhorses.com\/#organization\"},\"potentialAction\":[{\"@type\":\"SearchAction\",\"target\":{\"@type\":\"EntryPoint\",\"urlTemplate\":\"https:\/\/equitarhorses.com\/?s={search_term_string}\"},\"query-input\":\"required name=search_term_string\"}],\"inLanguage\":\"en-US\"},{\"@type\":\"Organization\",\"@id\":\"https:\/\/equitarhorses.com\/#organization\",\"name\":\"Equitar Horses\",\"url\":\"https:\/\/equitarhorses.com\/\",\"logo\":{\"@type\":\"ImageObject\",\"inLanguage\":\"en-US\",\"@id\":\"https:\/\/equitarhorses.com\/#\/schema\/logo\/image\/\",\"url\":\"https:\/\/equitarhorses.com\/wp-content\/uploads\/2023\/04\/LogoEquitar_Light_web.png\",\"contentUrl\":\"https:\/\/equitarhorses.com\/wp-content\/uploads\/2023\/04\/LogoEquitar_Light_web.png\",\"width\":1081,\"height\":401,\"caption\":\"Equitar Horses\"},\"image\":{\"@id\":\"https:\/\/equitarhorses.com\/#\/schema\/logo\/image\/\"},\"sameAs\":[\"https:\/\/www.facebook.com\/equitarhorses\",\"https:\/\/www.instagram.com\/equitarhorses\/\"]}]}<\/script>\n<!-- \/ Yoast SEO Premium plugin. -->","yoast_head_json":{"title":"Consultoria - Equitar Horses","robots":{"index":"index","follow":"follow","max-snippet":"max-snippet:-1","max-image-preview":"max-image-preview:large","max-video-preview":"max-video-preview:-1"},"canonical":"https:\/\/equitarhorses.com\/en\/servicos\/consultoria\/","og_locale":"en_US","og_type":"article","og_title":"Consultoria","og_description":"cosultoria Oferecemos orienta\u00e7\u00e3o personalizada, desde a sele\u00e7\u00e3o de cavalos adequados ao treino avan\u00e7ado em diversas disciplinas. Seja voc\u00ea um iniciante ou um cavaleiro experiente, trabalhamos consigo para atingir os seus objetivos e superar desafios. Com\u00e9rcio de Cavalos Lusitanos: Descubra a funcionalidade dos cavalos Lusitanos connosco. Especializados no com\u00e9rcio destes magn\u00edficos equinos, proporcionamos acesso a uma [&hellip;]","og_url":"https:\/\/equitarhorses.com\/en\/servicos\/consultoria\/","og_site_name":"Equitar Horses","article_publisher":"https:\/\/www.facebook.com\/equitarhorses","article_modified_time":"2024-02-01T10:55:19+00:00","og_image":[{"url":"https:\/\/equitarhorses.com\/wp-content\/uploads\/2024\/01\/consultoria-equitarhorses.png"}],"twitter_card":"summary_large_image","twitter_misc":{"Est. reading time":"2 minutes"},"schema":{"@context":"https:\/\/schema.org","@graph":[{"@type":"WebPage","@id":"https:\/\/equitarhorses.com\/servicos\/consultoria\/","url":"https:\/\/equitarhorses.com\/servicos\/consultoria\/","name":"Consultoria - Equitar Horses","isPartOf":{"@id":"https:\/\/equitarhorses.com\/#website"},"primaryImageOfPage":{"@id":"https:\/\/equitarhorses.com\/servicos\/consultoria\/#primaryimage"},"image":{"@id":"https:\/\/equitarhorses.com\/servicos\/consultoria\/#primaryimage"},"thumbnailUrl":"https:\/\/equitarhorses.com\/wp-content\/uploads\/2024\/01\/consultoria-equitarhorses.png","datePublished":"2023-10-17T10:54:15+00:00","dateModified":"2024-02-01T10:55:19+00:00","breadcrumb":{"@id":"https:\/\/equitarhorses.com\/servicos\/consultoria\/#breadcrumb"},"inLanguage":"en-US","potentialAction":[{"@type":"ReadAction","target":["https:\/\/equitarhorses.com\/servicos\/consultoria\/"]}]},{"@type":"ImageObject","inLanguage":"en-US","@id":"https:\/\/equitarhorses.com\/servicos\/consultoria\/#primaryimage","url":"https:\/\/equitarhorses.com\/wp-content\/uploads\/2024\/01\/consultoria-equitarhorses.png","contentUrl":"https:\/\/equitarhorses.com\/wp-content\/uploads\/2024\/01\/consultoria-equitarhorses.png","width":800,"height":526},{"@type":"BreadcrumbList","@id":"https:\/\/equitarhorses.com\/servicos\/consultoria\/#breadcrumb","itemListElement":[{"@type":"ListItem","position":1,"name":"Home","item":"https:\/\/equitarhorses.com\/"},{"@type":"ListItem","position":2,"name":"Servi\u00e7os","item":"https:\/\/equitarhorses.com\/servicos\/"},{"@type":"ListItem","position":3,"name":"Consultoria"}]},{"@type":"WebSite","@id":"https:\/\/equitarhorses.com\/#website","url":"https:\/\/equitarhorses.com\/","name":"Equitar Horses","description":"A Eleg\u00e2ncia Do Cavalo Lusitano","publisher":{"@id":"https:\/\/equitarhorses.com\/#organization"},"potentialAction":[{"@type":"SearchAction","target":{"@type":"EntryPoint","urlTemplate":"https:\/\/equitarhorses.com\/?s={search_term_string}"},"query-input":"required name=search_term_string"}],"inLanguage":"en-US"},{"@type":"Organization","@id":"https:\/\/equitarhorses.com\/#organization","name":"Equitar Horses","url":"https:\/\/equitarhorses.com\/","logo":{"@type":"ImageObject","inLanguage":"en-US","@id":"https:\/\/equitarhorses.com\/#\/schema\/logo\/image\/","url":"https:\/\/equitarhorses.com\/wp-content\/uploads\/2023\/04\/LogoEquitar_Light_web.png","contentUrl":"https:\/\/equitarhorses.com\/wp-content\/uploads\/2023\/04\/LogoEquitar_Light_web.png","width":1081,"height":401,"caption":"Equitar Horses"},"image":{"@id":"https:\/\/equitarhorses.com\/#\/schema\/logo\/image\/"},"sameAs":["https:\/\/www.facebook.com\/equitarhorses","https:\/\/www.instagram.com\/equitarhorses\/"]}]}},"_links":{"self":[{"href":"https:\/\/equitarhorses.com\/en\/wp-json\/wp\/v2\/pages\/755","targetHints":{"allow":["GET"]}}],"collection":[{"href":"https:\/\/equitarhorses.com\/en\/wp-json\/wp\/v2\/pages"}],"about":[{"href":"https:\/\/equitarhorses.com\/en\/wp-json\/wp\/v2\/types\/page"}],"author":[{"embeddable":true,"href":"https:\/\/equitarhorses.com\/en\/wp-json\/wp\/v2\/users\/1"}],"replies":[{"embeddable":true,"href":"https:\/\/equitarhorses.com\/en\/wp-json\/wp\/v2\/comments?post=755"}],"version-history":[{"count":32,"href":"https:\/\/equitarhorses.com\/en\/wp-json\/wp\/v2\/pages\/755\/revisions"}],"predecessor-version":[{"id":1095,"href":"https:\/\/equitarhorses.com\/en\/wp-json\/wp\/v2\/pages\/755\/revisions\/1095"}],"up":[{"embeddable":true,"href":"https:\/\/equitarhorses.com\/en\/wp-json\/wp\/v2\/pages\/160"}],"wp:attachment":[{"href":"https:\/\/equitarhorses.com\/en\/wp-json\/wp\/v2\/media?parent=755"}],"curies":[{"name":"wp","href":"https:\/\/api.w.org\/{rel}","templated":true}]}}